{"id":3438,"date":"2016-03-17T10:45:02","date_gmt":"2016-03-17T09:45:02","guid":{"rendered":"https:\/\/www.g4f-records.com\/soundtrack\/"},"modified":"2018-01-23T11:21:11","modified_gmt":"2018-01-23T10:21:11","slug":"soundtracks","status":"publish","type":"page","link":"https:\/\/www.g4f-records.com\/de\/soundtracks\/","title":{"rendered":"Soundtracks"},"content":{"rendered":"<p>Entdecken Sie die von G4F Records produzierten und ver\u00f6ffentlichten Soundtracks.<br \/>\nJeder der von unseren passionierten und talentierten K\u00fcnstlern komponierte Soundtrack ist das Ergebnis einer einzigartigen und pers\u00f6nlichen Zusammenarbeit zwischen den Spieleentwicklern, den k\u00fcnstlerischen Leitern und den Musikern, die diesen fantastischen Welten Leben einhauchen.<br \/>\nJeder Musikstil ist vertreten, vom 8-Bit-Electrosound bis hin zu den klassischen Kl\u00e4ngen des heroischen Fantasy-Genres.<br \/>\nTauchen Sie ein in diese endlosen Fantasiewelten und entdecken Sie die m\u00e4rchenhaften Soundtracks auf eine ganz neue Art und Weise!<\/p>\n<p>Viel Spa\u00df!<\/p>\n","protected":false},"excerpt":{"rendered":"<p>Entdecken Sie die von G4F Records produzierten und ver\u00f6ffentlichten Soundtracks. Jeder der von unseren passionierten und talentierten K\u00fcnstlern komponierte Soundtrack ist das &#8230;<\/p>\n","protected":false},"author":3,"featured_media":0,"parent":0,"menu_order":0,"comment_status":"closed","ping_status":"closed","template":"templates\/soundtrack.php","meta":{"_acf_changed":false,"footnotes":""},"class_list":["post-3438","page","type-page","status-publish","hentry"],"acf":[],"yoast_head":"<!-- This site is optimized with the Yoast SEO plugin v27.4 - https:\/\/yoast.com\/product\/yoast-seo-wordpress\/ -->\n<title>Soundtracks - G4F Records<\/title>\n<meta name=\"description\" content=\"Entdecken Sie die von G4F Records produzierten und ver\u00f6ffentlichten Soundtracks. Jeder Musikstil ist vertreten, vom 8-Bit-Electrosound bis hin zu den klassischen Kl\u00e4ngen des heroischen Fantasy-Genres.\" \/>\n<meta name=\"robots\" content=\"index, follow, max-snippet:-1, max-image-preview:large, max-video-preview:-1\" \/>\n<link rel=\"canonical\" href=\"https:\/\/www.g4f-records.com\/de\/soundtracks\/\" \/>\n<meta property=\"og:locale\" content=\"de_DE\" \/>\n<meta property=\"og:type\" content=\"article\" \/>\n<meta property=\"og:title\" content=\"Soundtracks - G4F Records\" \/>\n<meta property=\"og:description\" content=\"Entdecken Sie die von G4F Records produzierten und ver\u00f6ffentlichten Soundtracks. Jeder Musikstil ist vertreten, vom 8-Bit-Electrosound bis hin zu den klassischen Kl\u00e4ngen des heroischen Fantasy-Genres.\" \/>\n<meta property=\"og:url\" content=\"https:\/\/www.g4f-records.com\/de\/soundtracks\/\" \/>\n<meta property=\"og:site_name\" content=\"G4F Records\" \/>\n<meta property=\"article:publisher\" content=\"http:\/\/www.twitter.com\/G4F_Records\/\" \/>\n<meta property=\"article:modified_time\" content=\"2018-01-23T10:21:11+00:00\" \/>\n<meta name=\"twitter:card\" content=\"summary_large_image\" \/>\n<meta name=\"twitter:site\" content=\"@G4F_Records\" \/>\n<script type=\"application\/ld+json\" class=\"yoast-schema-graph\">{\"@context\":\"https:\\\/\\\/schema.org\",\"@graph\":[{\"@type\":\"WebPage\",\"@id\":\"https:\\\/\\\/www.g4f-records.com\\\/de\\\/soundtracks\\\/\",\"url\":\"https:\\\/\\\/www.g4f-records.com\\\/de\\\/soundtracks\\\/\",\"name\":\"Soundtracks - G4F Records\",\"isPartOf\":{\"@id\":\"https:\\\/\\\/www.g4f-records.com\\\/de\\\/#website\"},\"datePublished\":\"2016-03-17T09:45:02+00:00\",\"dateModified\":\"2018-01-23T10:21:11+00:00\",\"description\":\"Entdecken Sie die von G4F Records produzierten und ver\u00f6ffentlichten Soundtracks. Jeder Musikstil ist vertreten, vom 8-Bit-Electrosound bis hin zu den klassischen Kl\u00e4ngen des heroischen Fantasy-Genres.\",\"breadcrumb\":{\"@id\":\"https:\\\/\\\/www.g4f-records.com\\\/de\\\/soundtracks\\\/#breadcrumb\"},\"inLanguage\":\"de\",\"potentialAction\":[{\"@type\":\"ReadAction\",\"target\":[\"https:\\\/\\\/www.g4f-records.com\\\/de\\\/soundtracks\\\/\"]}]},{\"@type\":\"BreadcrumbList\",\"@id\":\"https:\\\/\\\/www.g4f-records.com\\\/de\\\/soundtracks\\\/#breadcrumb\",\"itemListElement\":[{\"@type\":\"ListItem\",\"position\":1,\"name\":\"Startseite\",\"item\":\"https:\\\/\\\/www.g4f-records.com\\\/de\\\/\"},{\"@type\":\"ListItem\",\"position\":2,\"name\":\"Soundtracks\"}]},{\"@type\":\"WebSite\",\"@id\":\"https:\\\/\\\/www.g4f-records.com\\\/de\\\/#website\",\"url\":\"https:\\\/\\\/www.g4f-records.com\\\/de\\\/\",\"name\":\"G4F Records\",\"description\":\"MUSIKLABEL F\u00dcR SOUNDTRACKS\",\"potentialAction\":[{\"@type\":\"SearchAction\",\"target\":{\"@type\":\"EntryPoint\",\"urlTemplate\":\"https:\\\/\\\/www.g4f-records.com\\\/de\\\/?s={search_term_string}\"},\"query-input\":{\"@type\":\"PropertyValueSpecification\",\"valueRequired\":true,\"valueName\":\"search_term_string\"}}],\"inLanguage\":\"de\"}]}<\/script>\n<!-- \/ Yoast SEO plugin. -->","yoast_head_json":{"title":"Soundtracks - G4F Records","description":"Entdecken Sie die von G4F Records produzierten und ver\u00f6ffentlichten Soundtracks. Jeder Musikstil ist vertreten, vom 8-Bit-Electrosound bis hin zu den klassischen Kl\u00e4ngen des heroischen Fantasy-Genres.","robots":{"index":"index","follow":"follow","max-snippet":"max-snippet:-1","max-image-preview":"max-image-preview:large","max-video-preview":"max-video-preview:-1"},"canonical":"https:\/\/www.g4f-records.com\/de\/soundtracks\/","og_locale":"de_DE","og_type":"article","og_title":"Soundtracks - G4F Records","og_description":"Entdecken Sie die von G4F Records produzierten und ver\u00f6ffentlichten Soundtracks. Jeder Musikstil ist vertreten, vom 8-Bit-Electrosound bis hin zu den klassischen Kl\u00e4ngen des heroischen Fantasy-Genres.","og_url":"https:\/\/www.g4f-records.com\/de\/soundtracks\/","og_site_name":"G4F Records","article_publisher":"http:\/\/www.twitter.com\/G4F_Records\/","article_modified_time":"2018-01-23T10:21:11+00:00","twitter_card":"summary_large_image","twitter_site":"@G4F_Records","schema":{"@context":"https:\/\/schema.org","@graph":[{"@type":"WebPage","@id":"https:\/\/www.g4f-records.com\/de\/soundtracks\/","url":"https:\/\/www.g4f-records.com\/de\/soundtracks\/","name":"Soundtracks - G4F Records","isPartOf":{"@id":"https:\/\/www.g4f-records.com\/de\/#website"},"datePublished":"2016-03-17T09:45:02+00:00","dateModified":"2018-01-23T10:21:11+00:00","description":"Entdecken Sie die von G4F Records produzierten und ver\u00f6ffentlichten Soundtracks. Jeder Musikstil ist vertreten, vom 8-Bit-Electrosound bis hin zu den klassischen Kl\u00e4ngen des heroischen Fantasy-Genres.","breadcrumb":{"@id":"https:\/\/www.g4f-records.com\/de\/soundtracks\/#breadcrumb"},"inLanguage":"de","potentialAction":[{"@type":"ReadAction","target":["https:\/\/www.g4f-records.com\/de\/soundtracks\/"]}]},{"@type":"BreadcrumbList","@id":"https:\/\/www.g4f-records.com\/de\/soundtracks\/#breadcrumb","itemListElement":[{"@type":"ListItem","position":1,"name":"Startseite","item":"https:\/\/www.g4f-records.com\/de\/"},{"@type":"ListItem","position":2,"name":"Soundtracks"}]},{"@type":"WebSite","@id":"https:\/\/www.g4f-records.com\/de\/#website","url":"https:\/\/www.g4f-records.com\/de\/","name":"G4F Records","description":"MUSIKLABEL F\u00dcR SOUNDTRACKS","potentialAction":[{"@type":"SearchAction","target":{"@type":"EntryPoint","urlTemplate":"https:\/\/www.g4f-records.com\/de\/?s={search_term_string}"},"query-input":{"@type":"PropertyValueSpecification","valueRequired":true,"valueName":"search_term_string"}}],"inLanguage":"de"}]}},"_links":{"self":[{"href":"https:\/\/www.g4f-records.com\/de\/wp-json\/wp\/v2\/pages\/3438","targetHints":{"allow":["GET"]}}],"collection":[{"href":"https:\/\/www.g4f-records.com\/de\/wp-json\/wp\/v2\/pages"}],"about":[{"href":"https:\/\/www.g4f-records.com\/de\/wp-json\/wp\/v2\/types\/page"}],"author":[{"embeddable":true,"href":"https:\/\/www.g4f-records.com\/de\/wp-json\/wp\/v2\/users\/3"}],"replies":[{"embeddable":true,"href":"https:\/\/www.g4f-records.com\/de\/wp-json\/wp\/v2\/comments?post=3438"}],"version-history":[{"count":2,"href":"https:\/\/www.g4f-records.com\/de\/wp-json\/wp\/v2\/pages\/3438\/revisions"}],"predecessor-version":[{"id":3440,"href":"https:\/\/www.g4f-records.com\/de\/wp-json\/wp\/v2\/pages\/3438\/revisions\/3440"}],"wp:attachment":[{"href":"https:\/\/www.g4f-records.com\/de\/wp-json\/wp\/v2\/media?parent=3438"}],"curies":[{"name":"wp","href":"https:\/\/api.w.org\/{rel}","templated":true}]}}