{"id":3369,"date":"2022-06-21T10:17:39","date_gmt":"2022-06-21T09:17:39","guid":{"rendered":"https:\/\/www.g4f-records.com\/produit\/edition-collector-vinyle-seasons-after-fall\/"},"modified":"2025-06-26T00:01:05","modified_gmt":"2025-06-25T23:01:05","slug":"seasons-after-fall-vinylversion","status":"publish","type":"product","link":"https:\/\/www.g4f-records.com\/de\/produkt\/seasons-after-fall-vinylversion\/","title":{"rendered":"Seasons after Fall \u2013 Vinylversion"},"content":{"rendered":"","protected":false},"excerpt":{"rendered":"<p>Die Vinylversion von \u201e<strong>Seasons after Fall<\/strong>\u201c wartet mit 38 von Yann van der Cruyssen komponierten St\u00fccken auf.\u00a0Soundtrack zum von <a href=\"http:\/\/www.swingswingsubmarine.com\/\" target=\"_blank\" rel=\"noopener\">Swing Swing Submarine<\/a> entwickelten 2-D-Plattformer.<\/p>\n<p>Orangefarbene und gr\u00fcne Schallplatten in einer wei\u00dfen H\u00fclle mit Originaldesigns aus <strong>Seasons after Fall<\/strong>.<\/p>\n<p>Im Kaufpreis enthalten: direkter Download des digitalen Originalsoundtracks von \u201eSeasons after Fall\u201c im Format Ihrer Wahl (<strong>MP3<\/strong>, <strong>WAV<\/strong>, <strong>FLAC\u00a0\u2026<\/strong>) und die Partitur der Originalaufnahme als <strong>PDF<\/strong>.<\/p>\n<p>Versandfertig innerhalb von 14 Tagen.<\/p>\n","protected":false},"featured_media":19946,"template":"","meta":{"_acf_changed":false},"product_brand":[],"product_cat":[385],"product_tag":[],"class_list":{"0":"post-3369","1":"product","2":"type-product","3":"status-publish","4":"has-post-thumbnail","6":"product_cat-schallplatten","7":"product_shipping_class-vinyle-de-2","9":"first","10":"instock","11":"downloadable","12":"taxable","13":"shipping-taxable","14":"purchasable","15":"product-type-simple"},"acf":[],"yoast_head":"<!-- This site is optimized with the Yoast SEO plugin v27.4 - https:\/\/yoast.com\/product\/yoast-seo-wordpress\/ -->\n<title>Seasons after Fall \u2013 Vinylversion - G4F Records<\/title>\n<meta name=\"description\" content=\"Die Vinylversion von \u201eSeasons after Fall\u201c wartet mit 38 von Yann van der Cruyssen komponierten St\u00fccken auf.\" \/>\n<meta name=\"robots\" content=\"index, follow, max-snippet:-1, max-image-preview:large, max-video-preview:-1\" \/>\n<link rel=\"canonical\" href=\"https:\/\/www.g4f-records.com\/de\/produkt\/seasons-after-fall-vinylversion\/\" \/>\n<meta property=\"og:locale\" content=\"de_DE\" \/>\n<meta property=\"og:type\" content=\"article\" \/>\n<meta property=\"og:title\" content=\"Seasons after Fall \u2013 Vinylversion - G4F Records\" \/>\n<meta property=\"og:description\" content=\"Die Vinylversion von \u201eSeasons after Fall\u201c wartet mit 38 von Yann van der Cruyssen komponierten St\u00fccken auf.\" \/>\n<meta property=\"og:url\" content=\"https:\/\/www.g4f-records.com\/de\/produkt\/seasons-after-fall-vinylversion\/\" \/>\n<meta property=\"og:site_name\" content=\"G4F Records\" \/>\n<meta property=\"article:publisher\" content=\"http:\/\/www.twitter.com\/G4F_Records\/\" \/>\n<meta property=\"article:modified_time\" content=\"2025-06-25T23:01:05+00:00\" \/>\n<meta property=\"og:image\" content=\"https:\/\/www.g4f-records.com\/wp-content\/uploads\/2022\/06\/Mock-up_StoreFront-1-600x500.png\" \/>\n\t<meta property=\"og:image:width\" content=\"600\" \/>\n\t<meta property=\"og:image:height\" content=\"600\" \/>\n\t<meta property=\"og:image:type\" content=\"image\/png\" \/>\n<meta name=\"twitter:card\" content=\"summary_large_image\" \/>\n<meta name=\"twitter:site\" content=\"@G4F_Records\" \/>\n<script type=\"application\/ld+json\" class=\"yoast-schema-graph\">{\"@context\":\"https:\\\/\\\/schema.org\",\"@graph\":[{\"@type\":\"WebPage\",\"@id\":\"https:\\\/\\\/www.g4f-records.com\\\/de\\\/produkt\\\/seasons-after-fall-vinylversion\\\/\",\"url\":\"https:\\\/\\\/www.g4f-records.com\\\/de\\\/produkt\\\/seasons-after-fall-vinylversion\\\/\",\"name\":\"Seasons after Fall \u2013 Vinylversion - G4F Records\",\"isPartOf\":{\"@id\":\"https:\\\/\\\/www.g4f-records.com\\\/de\\\/#website\"},\"primaryImageOfPage\":{\"@id\":\"https:\\\/\\\/www.g4f-records.com\\\/de\\\/produkt\\\/seasons-after-fall-vinylversion\\\/#primaryimage\"},\"image\":{\"@id\":\"https:\\\/\\\/www.g4f-records.com\\\/de\\\/produkt\\\/seasons-after-fall-vinylversion\\\/#primaryimage\"},\"thumbnailUrl\":\"https:\\\/\\\/www.g4f-records.com\\\/wp-content\\\/uploads\\\/2022\\\/06\\\/Mock-up_StoreFront-1-600x500.png\",\"datePublished\":\"2022-06-21T09:17:39+00:00\",\"dateModified\":\"2025-06-25T23:01:05+00:00\",\"description\":\"Die Vinylversion von \u201eSeasons after Fall\u201c wartet mit 38 von Yann van der Cruyssen komponierten St\u00fccken auf.\",\"breadcrumb\":{\"@id\":\"https:\\\/\\\/www.g4f-records.com\\\/de\\\/produkt\\\/seasons-after-fall-vinylversion\\\/#breadcrumb\"},\"inLanguage\":\"de\",\"potentialAction\":[{\"@type\":\"ReadAction\",\"target\":[\"https:\\\/\\\/www.g4f-records.com\\\/de\\\/produkt\\\/seasons-after-fall-vinylversion\\\/\"]}]},{\"@type\":\"ImageObject\",\"inLanguage\":\"de\",\"@id\":\"https:\\\/\\\/www.g4f-records.com\\\/de\\\/produkt\\\/seasons-after-fall-vinylversion\\\/#primaryimage\",\"url\":\"https:\\\/\\\/www.g4f-records.com\\\/wp-content\\\/uploads\\\/2022\\\/06\\\/Mock-up_StoreFront-1-600x500.png\",\"contentUrl\":\"https:\\\/\\\/www.g4f-records.com\\\/wp-content\\\/uploads\\\/2022\\\/06\\\/Mock-up_StoreFront-1-600x500.png\",\"width\":600,\"height\":600,\"caption\":\"Seasons after Fall Vinyl Edition\"},{\"@type\":\"BreadcrumbList\",\"@id\":\"https:\\\/\\\/www.g4f-records.com\\\/de\\\/produkt\\\/seasons-after-fall-vinylversion\\\/#breadcrumb\",\"itemListElement\":[{\"@type\":\"ListItem\",\"position\":1,\"name\":\"Startseite\",\"item\":\"https:\\\/\\\/www.g4f-records.com\\\/de\\\/\"},{\"@type\":\"ListItem\",\"position\":2,\"name\":\"Seasons after Fall \u2013 Vinylversion\"}]},{\"@type\":\"WebSite\",\"@id\":\"https:\\\/\\\/www.g4f-records.com\\\/de\\\/#website\",\"url\":\"https:\\\/\\\/www.g4f-records.com\\\/de\\\/\",\"name\":\"G4F Records\",\"description\":\"MUSIKLABEL F\u00dcR SOUNDTRACKS\",\"potentialAction\":[{\"@type\":\"SearchAction\",\"target\":{\"@type\":\"EntryPoint\",\"urlTemplate\":\"https:\\\/\\\/www.g4f-records.com\\\/de\\\/?s={search_term_string}\"},\"query-input\":{\"@type\":\"PropertyValueSpecification\",\"valueRequired\":true,\"valueName\":\"search_term_string\"}}],\"inLanguage\":\"de\"}]}<\/script>\n<!-- \/ Yoast SEO plugin. -->","yoast_head_json":{"title":"Seasons after Fall \u2013 Vinylversion - G4F Records","description":"Die Vinylversion von \u201eSeasons after Fall\u201c wartet mit 38 von Yann van der Cruyssen komponierten St\u00fccken auf.","robots":{"index":"index","follow":"follow","max-snippet":"max-snippet:-1","max-image-preview":"max-image-preview:large","max-video-preview":"max-video-preview:-1"},"canonical":"https:\/\/www.g4f-records.com\/de\/produkt\/seasons-after-fall-vinylversion\/","og_locale":"de_DE","og_type":"article","og_title":"Seasons after Fall \u2013 Vinylversion - G4F Records","og_description":"Die Vinylversion von \u201eSeasons after Fall\u201c wartet mit 38 von Yann van der Cruyssen komponierten St\u00fccken auf.","og_url":"https:\/\/www.g4f-records.com\/de\/produkt\/seasons-after-fall-vinylversion\/","og_site_name":"G4F Records","article_publisher":"http:\/\/www.twitter.com\/G4F_Records\/","article_modified_time":"2025-06-25T23:01:05+00:00","og_image":[{"width":600,"height":600,"url":"https:\/\/www.g4f-records.com\/wp-content\/uploads\/2022\/06\/Mock-up_StoreFront-1-600x500.png","type":"image\/png"}],"twitter_card":"summary_large_image","twitter_site":"@G4F_Records","schema":{"@context":"https:\/\/schema.org","@graph":[{"@type":"WebPage","@id":"https:\/\/www.g4f-records.com\/de\/produkt\/seasons-after-fall-vinylversion\/","url":"https:\/\/www.g4f-records.com\/de\/produkt\/seasons-after-fall-vinylversion\/","name":"Seasons after Fall \u2013 Vinylversion - G4F Records","isPartOf":{"@id":"https:\/\/www.g4f-records.com\/de\/#website"},"primaryImageOfPage":{"@id":"https:\/\/www.g4f-records.com\/de\/produkt\/seasons-after-fall-vinylversion\/#primaryimage"},"image":{"@id":"https:\/\/www.g4f-records.com\/de\/produkt\/seasons-after-fall-vinylversion\/#primaryimage"},"thumbnailUrl":"https:\/\/www.g4f-records.com\/wp-content\/uploads\/2022\/06\/Mock-up_StoreFront-1-600x500.png","datePublished":"2022-06-21T09:17:39+00:00","dateModified":"2025-06-25T23:01:05+00:00","description":"Die Vinylversion von \u201eSeasons after Fall\u201c wartet mit 38 von Yann van der Cruyssen komponierten St\u00fccken auf.","breadcrumb":{"@id":"https:\/\/www.g4f-records.com\/de\/produkt\/seasons-after-fall-vinylversion\/#breadcrumb"},"inLanguage":"de","potentialAction":[{"@type":"ReadAction","target":["https:\/\/www.g4f-records.com\/de\/produkt\/seasons-after-fall-vinylversion\/"]}]},{"@type":"ImageObject","inLanguage":"de","@id":"https:\/\/www.g4f-records.com\/de\/produkt\/seasons-after-fall-vinylversion\/#primaryimage","url":"https:\/\/www.g4f-records.com\/wp-content\/uploads\/2022\/06\/Mock-up_StoreFront-1-600x500.png","contentUrl":"https:\/\/www.g4f-records.com\/wp-content\/uploads\/2022\/06\/Mock-up_StoreFront-1-600x500.png","width":600,"height":600,"caption":"Seasons after Fall Vinyl Edition"},{"@type":"BreadcrumbList","@id":"https:\/\/www.g4f-records.com\/de\/produkt\/seasons-after-fall-vinylversion\/#breadcrumb","itemListElement":[{"@type":"ListItem","position":1,"name":"Startseite","item":"https:\/\/www.g4f-records.com\/de\/"},{"@type":"ListItem","position":2,"name":"Seasons after Fall \u2013 Vinylversion"}]},{"@type":"WebSite","@id":"https:\/\/www.g4f-records.com\/de\/#website","url":"https:\/\/www.g4f-records.com\/de\/","name":"G4F Records","description":"MUSIKLABEL F\u00dcR SOUNDTRACKS","potentialAction":[{"@type":"SearchAction","target":{"@type":"EntryPoint","urlTemplate":"https:\/\/www.g4f-records.com\/de\/?s={search_term_string}"},"query-input":{"@type":"PropertyValueSpecification","valueRequired":true,"valueName":"search_term_string"}}],"inLanguage":"de"}]}},"_links":{"self":[{"href":"https:\/\/www.g4f-records.com\/de\/wp-json\/wp\/v2\/product\/3369","targetHints":{"allow":["GET"]}}],"collection":[{"href":"https:\/\/www.g4f-records.com\/de\/wp-json\/wp\/v2\/product"}],"about":[{"href":"https:\/\/www.g4f-records.com\/de\/wp-json\/wp\/v2\/types\/product"}],"wp:featuredmedia":[{"embeddable":true,"href":"https:\/\/www.g4f-records.com\/de\/wp-json\/wp\/v2\/media\/19946"}],"wp:attachment":[{"href":"https:\/\/www.g4f-records.com\/de\/wp-json\/wp\/v2\/media?parent=3369"}],"wp:term":[{"taxonomy":"product_brand","embeddable":true,"href":"https:\/\/www.g4f-records.com\/de\/wp-json\/wp\/v2\/product_brand?post=3369"},{"taxonomy":"product_cat","embeddable":true,"href":"https:\/\/www.g4f-records.com\/de\/wp-json\/wp\/v2\/product_cat?post=3369"},{"taxonomy":"product_tag","embeddable":true,"href":"https:\/\/www.g4f-records.com\/de\/wp-json\/wp\/v2\/product_tag?post=3369"}],"curies":[{"name":"wp","href":"https:\/\/api.w.org\/{rel}","templated":true}]}}