{"id":3417,"date":"2017-09-26T14:48:37","date_gmt":"2017-09-26T13:48:37","guid":{"rendered":"https:\/\/www.g4f-records.com\/produit\/another-lost-phone-lauras-story-edition-digitale\/"},"modified":"2018-01-22T16:05:47","modified_gmt":"2018-01-22T15:05:47","slug":"another-lost-phone-lauras-story-digitaler-original-soundtrack","status":"publish","type":"product","link":"https:\/\/www.g4f-records.com\/de\/produkt\/another-lost-phone-lauras-story-digitaler-original-soundtrack\/","title":{"rendered":"Another Lost Phone: Laura&#8217;s Story &#8211; Digitaler Original-Soundtrack"},"content":{"rendered":"","protected":false},"excerpt":{"rendered":"<p>Der Originalsoundtrack von <strong>\u201eAnother Lost Phone: Laura\u2019s Story\u201c<\/strong> besteht aus 8 von Hector Bonte, Yllogique, Araign\u00e9e du soir, C\u00e9dric Menendez, Mint on ice, Yponomeutaneko und Antoine Grelet komponierten Tracks. Au\u00dferdem enth\u00e4lt er 2 Tracks aus \u00e4lteren Titeln von Warp Records.<\/p>\n<p>Der geistige Nachfolger von \u201eA Normal Lost Phone\u201c ist ein instrumentaler Soundtrack mit einem Mix aus Electro Chill, Ambient und Trip Hop.<\/p>\n<p>Im Kaufpreis enthalten: direkter Download der digitalen Edition des Originalsoundtracks von <strong>\u201eAnother Lost Phone: Laura\u2019s Story\u201c<\/strong> im Format Ihrer Wahl (<strong>MP3<\/strong>, <strong>WAV<\/strong>, <strong>FLAC<\/strong>\u00a0\u2026).<\/p>\n","protected":false},"featured_media":3418,"template":"","meta":{"_acf_changed":false},"product_brand":[],"product_cat":[388],"product_tag":[],"class_list":{"0":"post-3417","1":"product","2":"type-product","3":"status-publish","4":"has-post-thumbnail","6":"product_cat-digitaler-original-soundtrack","8":"first","9":"instock","10":"downloadable","11":"virtual","12":"taxable","13":"purchasable","14":"product-type-simple"},"acf":[],"yoast_head":"<!-- This site is optimized with the Yoast SEO plugin v27.3 - https:\/\/yoast.com\/product\/yoast-seo-wordpress\/ -->\n<title>Another Lost Phone: Laura&#039;s Story - Digitaler Original-Soundtrack - G4F Records<\/title>\n<meta name=\"description\" content=\"Der geistige Nachfolger von \u201eA Normal Lost Phone\u201c ist ein instrumentaler Soundtrack mit einem Mix aus Electro Chill, Ambient und Trip Hop.\" \/>\n<meta name=\"robots\" content=\"index, follow, max-snippet:-1, max-image-preview:large, max-video-preview:-1\" \/>\n<link rel=\"canonical\" href=\"https:\/\/www.g4f-records.com\/de\/produkt\/another-lost-phone-lauras-story-digitaler-original-soundtrack\/\" \/>\n<meta property=\"og:locale\" content=\"de_DE\" \/>\n<meta property=\"og:type\" content=\"article\" \/>\n<meta property=\"og:title\" content=\"Another Lost Phone: Laura&#039;s Story - Digitaler Original-Soundtrack - G4F Records\" \/>\n<meta property=\"og:description\" content=\"Der geistige Nachfolger von \u201eA Normal Lost Phone\u201c ist ein instrumentaler Soundtrack mit einem Mix aus Electro Chill, Ambient und Trip Hop.\" \/>\n<meta property=\"og:url\" content=\"https:\/\/www.g4f-records.com\/de\/produkt\/another-lost-phone-lauras-story-digitaler-original-soundtrack\/\" \/>\n<meta property=\"og:site_name\" content=\"G4F Records\" \/>\n<meta property=\"article:publisher\" content=\"http:\/\/www.twitter.com\/G4F_Records\/\" \/>\n<meta property=\"article:modified_time\" content=\"2018-01-22T15:05:47+00:00\" \/>\n<meta property=\"og:image\" content=\"https:\/\/www.g4f-records.com\/wp-content\/uploads\/2017\/09\/OSTcover_3000x3000_ALP001-1180x500.png\" \/>\n\t<meta property=\"og:image:width\" content=\"3000\" \/>\n\t<meta property=\"og:image:height\" content=\"3000\" \/>\n\t<meta property=\"og:image:type\" content=\"image\/png\" \/>\n<meta name=\"twitter:card\" content=\"summary_large_image\" \/>\n<meta name=\"twitter:site\" content=\"@G4F_Records\" \/>\n<script type=\"application\/ld+json\" class=\"yoast-schema-graph\">{\"@context\":\"https:\\\/\\\/schema.org\",\"@graph\":[{\"@type\":\"WebPage\",\"@id\":\"https:\\\/\\\/www.g4f-records.com\\\/de\\\/produkt\\\/another-lost-phone-lauras-story-digitaler-original-soundtrack\\\/\",\"url\":\"https:\\\/\\\/www.g4f-records.com\\\/de\\\/produkt\\\/another-lost-phone-lauras-story-digitaler-original-soundtrack\\\/\",\"name\":\"Another Lost Phone: Laura's Story - Digitaler Original-Soundtrack - G4F Records\",\"isPartOf\":{\"@id\":\"https:\\\/\\\/www.g4f-records.com\\\/de\\\/#website\"},\"primaryImageOfPage\":{\"@id\":\"https:\\\/\\\/www.g4f-records.com\\\/de\\\/produkt\\\/another-lost-phone-lauras-story-digitaler-original-soundtrack\\\/#primaryimage\"},\"image\":{\"@id\":\"https:\\\/\\\/www.g4f-records.com\\\/de\\\/produkt\\\/another-lost-phone-lauras-story-digitaler-original-soundtrack\\\/#primaryimage\"},\"thumbnailUrl\":\"https:\\\/\\\/www.g4f-records.com\\\/wp-content\\\/uploads\\\/2017\\\/09\\\/OSTcover_3000x3000_ALP001-1180x500.png\",\"datePublished\":\"2017-09-26T13:48:37+00:00\",\"dateModified\":\"2018-01-22T15:05:47+00:00\",\"description\":\"Der geistige Nachfolger von \u201eA Normal Lost Phone\u201c ist ein instrumentaler Soundtrack mit einem Mix aus Electro Chill, Ambient und Trip Hop.\",\"breadcrumb\":{\"@id\":\"https:\\\/\\\/www.g4f-records.com\\\/de\\\/produkt\\\/another-lost-phone-lauras-story-digitaler-original-soundtrack\\\/#breadcrumb\"},\"inLanguage\":\"de\",\"potentialAction\":[{\"@type\":\"ReadAction\",\"target\":[\"https:\\\/\\\/www.g4f-records.com\\\/de\\\/produkt\\\/another-lost-phone-lauras-story-digitaler-original-soundtrack\\\/\"]}]},{\"@type\":\"ImageObject\",\"inLanguage\":\"de\",\"@id\":\"https:\\\/\\\/www.g4f-records.com\\\/de\\\/produkt\\\/another-lost-phone-lauras-story-digitaler-original-soundtrack\\\/#primaryimage\",\"url\":\"https:\\\/\\\/www.g4f-records.com\\\/wp-content\\\/uploads\\\/2017\\\/09\\\/OSTcover_3000x3000_ALP001-1180x500.png\",\"contentUrl\":\"https:\\\/\\\/www.g4f-records.com\\\/wp-content\\\/uploads\\\/2017\\\/09\\\/OSTcover_3000x3000_ALP001-1180x500.png\",\"width\":3000,\"height\":3000,\"caption\":\"Originalsoundtrack von Another Lost Phone\"},{\"@type\":\"BreadcrumbList\",\"@id\":\"https:\\\/\\\/www.g4f-records.com\\\/de\\\/produkt\\\/another-lost-phone-lauras-story-digitaler-original-soundtrack\\\/#breadcrumb\",\"itemListElement\":[{\"@type\":\"ListItem\",\"position\":1,\"name\":\"Startseite\",\"item\":\"https:\\\/\\\/www.g4f-records.com\\\/de\\\/\"},{\"@type\":\"ListItem\",\"position\":2,\"name\":\"Another Lost Phone: Laura&rsquo;s Story &#8211; Digitaler Original-Soundtrack\"}]},{\"@type\":\"WebSite\",\"@id\":\"https:\\\/\\\/www.g4f-records.com\\\/de\\\/#website\",\"url\":\"https:\\\/\\\/www.g4f-records.com\\\/de\\\/\",\"name\":\"G4F Records\",\"description\":\"MUSIKLABEL F\u00dcR SOUNDTRACKS\",\"potentialAction\":[{\"@type\":\"SearchAction\",\"target\":{\"@type\":\"EntryPoint\",\"urlTemplate\":\"https:\\\/\\\/www.g4f-records.com\\\/de\\\/?s={search_term_string}\"},\"query-input\":{\"@type\":\"PropertyValueSpecification\",\"valueRequired\":true,\"valueName\":\"search_term_string\"}}],\"inLanguage\":\"de\"}]}<\/script>\n<!-- \/ Yoast SEO plugin. -->","yoast_head_json":{"title":"Another Lost Phone: Laura's Story - Digitaler Original-Soundtrack - G4F Records","description":"Der geistige Nachfolger von \u201eA Normal Lost Phone\u201c ist ein instrumentaler Soundtrack mit einem Mix aus Electro Chill, Ambient und Trip Hop.","robots":{"index":"index","follow":"follow","max-snippet":"max-snippet:-1","max-image-preview":"max-image-preview:large","max-video-preview":"max-video-preview:-1"},"canonical":"https:\/\/www.g4f-records.com\/de\/produkt\/another-lost-phone-lauras-story-digitaler-original-soundtrack\/","og_locale":"de_DE","og_type":"article","og_title":"Another Lost Phone: Laura's Story - Digitaler Original-Soundtrack - G4F Records","og_description":"Der geistige Nachfolger von \u201eA Normal Lost Phone\u201c ist ein instrumentaler Soundtrack mit einem Mix aus Electro Chill, Ambient und Trip Hop.","og_url":"https:\/\/www.g4f-records.com\/de\/produkt\/another-lost-phone-lauras-story-digitaler-original-soundtrack\/","og_site_name":"G4F Records","article_publisher":"http:\/\/www.twitter.com\/G4F_Records\/","article_modified_time":"2018-01-22T15:05:47+00:00","og_image":[{"width":3000,"height":3000,"url":"https:\/\/www.g4f-records.com\/wp-content\/uploads\/2017\/09\/OSTcover_3000x3000_ALP001-1180x500.png","type":"image\/png"}],"twitter_card":"summary_large_image","twitter_site":"@G4F_Records","schema":{"@context":"https:\/\/schema.org","@graph":[{"@type":"WebPage","@id":"https:\/\/www.g4f-records.com\/de\/produkt\/another-lost-phone-lauras-story-digitaler-original-soundtrack\/","url":"https:\/\/www.g4f-records.com\/de\/produkt\/another-lost-phone-lauras-story-digitaler-original-soundtrack\/","name":"Another Lost Phone: Laura's Story - Digitaler Original-Soundtrack - G4F Records","isPartOf":{"@id":"https:\/\/www.g4f-records.com\/de\/#website"},"primaryImageOfPage":{"@id":"https:\/\/www.g4f-records.com\/de\/produkt\/another-lost-phone-lauras-story-digitaler-original-soundtrack\/#primaryimage"},"image":{"@id":"https:\/\/www.g4f-records.com\/de\/produkt\/another-lost-phone-lauras-story-digitaler-original-soundtrack\/#primaryimage"},"thumbnailUrl":"https:\/\/www.g4f-records.com\/wp-content\/uploads\/2017\/09\/OSTcover_3000x3000_ALP001-1180x500.png","datePublished":"2017-09-26T13:48:37+00:00","dateModified":"2018-01-22T15:05:47+00:00","description":"Der geistige Nachfolger von \u201eA Normal Lost Phone\u201c ist ein instrumentaler Soundtrack mit einem Mix aus Electro Chill, Ambient und Trip Hop.","breadcrumb":{"@id":"https:\/\/www.g4f-records.com\/de\/produkt\/another-lost-phone-lauras-story-digitaler-original-soundtrack\/#breadcrumb"},"inLanguage":"de","potentialAction":[{"@type":"ReadAction","target":["https:\/\/www.g4f-records.com\/de\/produkt\/another-lost-phone-lauras-story-digitaler-original-soundtrack\/"]}]},{"@type":"ImageObject","inLanguage":"de","@id":"https:\/\/www.g4f-records.com\/de\/produkt\/another-lost-phone-lauras-story-digitaler-original-soundtrack\/#primaryimage","url":"https:\/\/www.g4f-records.com\/wp-content\/uploads\/2017\/09\/OSTcover_3000x3000_ALP001-1180x500.png","contentUrl":"https:\/\/www.g4f-records.com\/wp-content\/uploads\/2017\/09\/OSTcover_3000x3000_ALP001-1180x500.png","width":3000,"height":3000,"caption":"Originalsoundtrack von Another Lost Phone"},{"@type":"BreadcrumbList","@id":"https:\/\/www.g4f-records.com\/de\/produkt\/another-lost-phone-lauras-story-digitaler-original-soundtrack\/#breadcrumb","itemListElement":[{"@type":"ListItem","position":1,"name":"Startseite","item":"https:\/\/www.g4f-records.com\/de\/"},{"@type":"ListItem","position":2,"name":"Another Lost Phone: Laura&rsquo;s Story &#8211; Digitaler Original-Soundtrack"}]},{"@type":"WebSite","@id":"https:\/\/www.g4f-records.com\/de\/#website","url":"https:\/\/www.g4f-records.com\/de\/","name":"G4F Records","description":"MUSIKLABEL F\u00dcR SOUNDTRACKS","potentialAction":[{"@type":"SearchAction","target":{"@type":"EntryPoint","urlTemplate":"https:\/\/www.g4f-records.com\/de\/?s={search_term_string}"},"query-input":{"@type":"PropertyValueSpecification","valueRequired":true,"valueName":"search_term_string"}}],"inLanguage":"de"}]}},"_links":{"self":[{"href":"https:\/\/www.g4f-records.com\/de\/wp-json\/wp\/v2\/product\/3417","targetHints":{"allow":["GET"]}}],"collection":[{"href":"https:\/\/www.g4f-records.com\/de\/wp-json\/wp\/v2\/product"}],"about":[{"href":"https:\/\/www.g4f-records.com\/de\/wp-json\/wp\/v2\/types\/product"}],"wp:featuredmedia":[{"embeddable":true,"href":"https:\/\/www.g4f-records.com\/de\/wp-json\/wp\/v2\/media\/3418"}],"wp:attachment":[{"href":"https:\/\/www.g4f-records.com\/de\/wp-json\/wp\/v2\/media?parent=3417"}],"wp:term":[{"taxonomy":"product_brand","embeddable":true,"href":"https:\/\/www.g4f-records.com\/de\/wp-json\/wp\/v2\/product_brand?post=3417"},{"taxonomy":"product_cat","embeddable":true,"href":"https:\/\/www.g4f-records.com\/de\/wp-json\/wp\/v2\/product_cat?post=3417"},{"taxonomy":"product_tag","embeddable":true,"href":"https:\/\/www.g4f-records.com\/de\/wp-json\/wp\/v2\/product_tag?post=3417"}],"curies":[{"name":"wp","href":"https:\/\/api.w.org\/{rel}","templated":true}]}}