{"id":3477,"date":"2017-09-15T16:51:51","date_gmt":"2017-09-15T15:51:51","guid":{"rendered":"https:\/\/www.g4f-records.com\/produit\/bande-originale-event0-edition-digitale\/"},"modified":"2018-01-24T15:38:19","modified_gmt":"2018-01-24T14:38:19","slug":"event0-digitaler-original-soundtrack","status":"publish","type":"product","link":"https:\/\/www.g4f-records.com\/de\/produkt\/event0-digitaler-original-soundtrack\/","title":{"rendered":"Event[0] &#8211; Digitaler Original-Soundtrack"},"content":{"rendered":"","protected":false},"excerpt":{"rendered":"<p>Die 5 St\u00fccke des Originalsoundtracks zu <strong>\u201eEvent[0]\u201c<\/strong> wurden komponiert von themushroomsound, Yllogique, Araign\u00e9e du Soir und Swann Menage als musikalische Untermalung des storylastigen Sci-Fi-Erkundungsspiels des Entwicklers <a href=\"https:\/\/ocelotsociety.com\/\" target=\"_blank\" rel=\"noopener\">Ocelot Society<\/a>.<\/p>\n<p>Ein einzigartig atmosph\u00e4risches Album, auf dem unter anderem der \u201eKaizen\u201c-Track mit seinen roboterhaften und schr\u00e4gen T\u00f6nen zu h\u00f6ren ist.<\/p>\n<p>Im Kaufpreis enthalten: direkter Download der digitalen Edition des Originalsoundtracks von <strong>\u201eEvent[0]\u201c<\/strong> im Format Ihrer Wahl (<strong>MP3<\/strong>, <strong>WAV<\/strong>, <strong>FLAC<\/strong>\u00a0\u2026).<\/p>\n","protected":false},"featured_media":3478,"template":"","meta":{"_acf_changed":false},"product_brand":[],"product_cat":[388],"product_tag":[],"class_list":{"0":"post-3477","1":"product","2":"type-product","3":"status-publish","4":"has-post-thumbnail","6":"product_cat-digitaler-original-soundtrack","8":"first","9":"instock","10":"downloadable","11":"virtual","12":"taxable","13":"purchasable","14":"product-type-simple"},"acf":[],"yoast_head":"<!-- This site is optimized with the Yoast SEO plugin v27.3 - https:\/\/yoast.com\/product\/yoast-seo-wordpress\/ -->\n<title>Event[0] - Digitaler Original-Soundtrack - G4F Records<\/title>\n<meta name=\"description\" content=\"Ein einzigartig atmosph\u00e4risches Album, auf dem unter anderem der \u201eKaizen\u201c-Track mit seinen roboterhaften und schr\u00e4gen T\u00f6nen zu h\u00f6ren ist.\" \/>\n<meta name=\"robots\" content=\"index, follow, max-snippet:-1, max-image-preview:large, max-video-preview:-1\" \/>\n<link rel=\"canonical\" href=\"https:\/\/www.g4f-records.com\/de\/produkt\/event0-digitaler-original-soundtrack\/\" \/>\n<meta property=\"og:locale\" content=\"de_DE\" \/>\n<meta property=\"og:type\" content=\"article\" \/>\n<meta property=\"og:title\" content=\"Event[0] - Digitaler Original-Soundtrack - G4F Records\" \/>\n<meta property=\"og:description\" content=\"Ein einzigartig atmosph\u00e4risches Album, auf dem unter anderem der \u201eKaizen\u201c-Track mit seinen roboterhaften und schr\u00e4gen T\u00f6nen zu h\u00f6ren ist.\" \/>\n<meta property=\"og:url\" content=\"https:\/\/www.g4f-records.com\/de\/produkt\/event0-digitaler-original-soundtrack\/\" \/>\n<meta property=\"og:site_name\" content=\"G4F Records\" \/>\n<meta property=\"article:publisher\" content=\"http:\/\/www.twitter.com\/G4F_Records\/\" \/>\n<meta property=\"article:modified_time\" content=\"2018-01-24T14:38:19+00:00\" \/>\n<meta property=\"og:image\" content=\"https:\/\/www.g4f-records.com\/wp-content\/uploads\/2017\/09\/ost_cover-1024x1024.png\" \/>\n\t<meta property=\"og:image:width\" content=\"1024\" \/>\n\t<meta property=\"og:image:height\" content=\"1024\" \/>\n\t<meta property=\"og:image:type\" content=\"image\/png\" \/>\n<meta name=\"twitter:card\" content=\"summary_large_image\" \/>\n<meta name=\"twitter:site\" content=\"@G4F_Records\" \/>\n<script type=\"application\/ld+json\" class=\"yoast-schema-graph\">{\"@context\":\"https:\\\/\\\/schema.org\",\"@graph\":[{\"@type\":\"WebPage\",\"@id\":\"https:\\\/\\\/www.g4f-records.com\\\/de\\\/produkt\\\/event0-digitaler-original-soundtrack\\\/\",\"url\":\"https:\\\/\\\/www.g4f-records.com\\\/de\\\/produkt\\\/event0-digitaler-original-soundtrack\\\/\",\"name\":\"Event[0] - Digitaler Original-Soundtrack - G4F Records\",\"isPartOf\":{\"@id\":\"https:\\\/\\\/www.g4f-records.com\\\/de\\\/#website\"},\"primaryImageOfPage\":{\"@id\":\"https:\\\/\\\/www.g4f-records.com\\\/de\\\/produkt\\\/event0-digitaler-original-soundtrack\\\/#primaryimage\"},\"image\":{\"@id\":\"https:\\\/\\\/www.g4f-records.com\\\/de\\\/produkt\\\/event0-digitaler-original-soundtrack\\\/#primaryimage\"},\"thumbnailUrl\":\"https:\\\/\\\/www.g4f-records.com\\\/wp-content\\\/uploads\\\/2017\\\/09\\\/ost_cover-1180x500.png\",\"datePublished\":\"2017-09-15T15:51:51+00:00\",\"dateModified\":\"2018-01-24T14:38:19+00:00\",\"description\":\"Ein einzigartig atmosph\u00e4risches Album, auf dem unter anderem der \u201eKaizen\u201c-Track mit seinen roboterhaften und schr\u00e4gen T\u00f6nen zu h\u00f6ren ist.\",\"breadcrumb\":{\"@id\":\"https:\\\/\\\/www.g4f-records.com\\\/de\\\/produkt\\\/event0-digitaler-original-soundtrack\\\/#breadcrumb\"},\"inLanguage\":\"de\",\"potentialAction\":[{\"@type\":\"ReadAction\",\"target\":[\"https:\\\/\\\/www.g4f-records.com\\\/de\\\/produkt\\\/event0-digitaler-original-soundtrack\\\/\"]}]},{\"@type\":\"ImageObject\",\"inLanguage\":\"de\",\"@id\":\"https:\\\/\\\/www.g4f-records.com\\\/de\\\/produkt\\\/event0-digitaler-original-soundtrack\\\/#primaryimage\",\"url\":\"https:\\\/\\\/www.g4f-records.com\\\/wp-content\\\/uploads\\\/2017\\\/09\\\/ost_cover-1180x500.png\",\"contentUrl\":\"https:\\\/\\\/www.g4f-records.com\\\/wp-content\\\/uploads\\\/2017\\\/09\\\/ost_cover-1180x500.png\",\"width\":3000,\"height\":3000,\"caption\":\"Originalsoundtrack von Event[0]\"},{\"@type\":\"BreadcrumbList\",\"@id\":\"https:\\\/\\\/www.g4f-records.com\\\/de\\\/produkt\\\/event0-digitaler-original-soundtrack\\\/#breadcrumb\",\"itemListElement\":[{\"@type\":\"ListItem\",\"position\":1,\"name\":\"Startseite\",\"item\":\"https:\\\/\\\/www.g4f-records.com\\\/de\\\/\"},{\"@type\":\"ListItem\",\"position\":2,\"name\":\"Event[0] &#8211; Digitaler Original-Soundtrack\"}]},{\"@type\":\"WebSite\",\"@id\":\"https:\\\/\\\/www.g4f-records.com\\\/de\\\/#website\",\"url\":\"https:\\\/\\\/www.g4f-records.com\\\/de\\\/\",\"name\":\"G4F Records\",\"description\":\"MUSIKLABEL F\u00dcR SOUNDTRACKS\",\"potentialAction\":[{\"@type\":\"SearchAction\",\"target\":{\"@type\":\"EntryPoint\",\"urlTemplate\":\"https:\\\/\\\/www.g4f-records.com\\\/de\\\/?s={search_term_string}\"},\"query-input\":{\"@type\":\"PropertyValueSpecification\",\"valueRequired\":true,\"valueName\":\"search_term_string\"}}],\"inLanguage\":\"de\"}]}<\/script>\n<!-- \/ Yoast SEO plugin. -->","yoast_head_json":{"title":"Event[0] - Digitaler Original-Soundtrack - G4F Records","description":"Ein einzigartig atmosph\u00e4risches Album, auf dem unter anderem der \u201eKaizen\u201c-Track mit seinen roboterhaften und schr\u00e4gen T\u00f6nen zu h\u00f6ren ist.","robots":{"index":"index","follow":"follow","max-snippet":"max-snippet:-1","max-image-preview":"max-image-preview:large","max-video-preview":"max-video-preview:-1"},"canonical":"https:\/\/www.g4f-records.com\/de\/produkt\/event0-digitaler-original-soundtrack\/","og_locale":"de_DE","og_type":"article","og_title":"Event[0] - Digitaler Original-Soundtrack - G4F Records","og_description":"Ein einzigartig atmosph\u00e4risches Album, auf dem unter anderem der \u201eKaizen\u201c-Track mit seinen roboterhaften und schr\u00e4gen T\u00f6nen zu h\u00f6ren ist.","og_url":"https:\/\/www.g4f-records.com\/de\/produkt\/event0-digitaler-original-soundtrack\/","og_site_name":"G4F Records","article_publisher":"http:\/\/www.twitter.com\/G4F_Records\/","article_modified_time":"2018-01-24T14:38:19+00:00","og_image":[{"width":1024,"height":1024,"url":"https:\/\/www.g4f-records.com\/wp-content\/uploads\/2017\/09\/ost_cover-1024x1024.png","type":"image\/png"}],"twitter_card":"summary_large_image","twitter_site":"@G4F_Records","schema":{"@context":"https:\/\/schema.org","@graph":[{"@type":"WebPage","@id":"https:\/\/www.g4f-records.com\/de\/produkt\/event0-digitaler-original-soundtrack\/","url":"https:\/\/www.g4f-records.com\/de\/produkt\/event0-digitaler-original-soundtrack\/","name":"Event[0] - Digitaler Original-Soundtrack - G4F Records","isPartOf":{"@id":"https:\/\/www.g4f-records.com\/de\/#website"},"primaryImageOfPage":{"@id":"https:\/\/www.g4f-records.com\/de\/produkt\/event0-digitaler-original-soundtrack\/#primaryimage"},"image":{"@id":"https:\/\/www.g4f-records.com\/de\/produkt\/event0-digitaler-original-soundtrack\/#primaryimage"},"thumbnailUrl":"https:\/\/www.g4f-records.com\/wp-content\/uploads\/2017\/09\/ost_cover-1180x500.png","datePublished":"2017-09-15T15:51:51+00:00","dateModified":"2018-01-24T14:38:19+00:00","description":"Ein einzigartig atmosph\u00e4risches Album, auf dem unter anderem der \u201eKaizen\u201c-Track mit seinen roboterhaften und schr\u00e4gen T\u00f6nen zu h\u00f6ren ist.","breadcrumb":{"@id":"https:\/\/www.g4f-records.com\/de\/produkt\/event0-digitaler-original-soundtrack\/#breadcrumb"},"inLanguage":"de","potentialAction":[{"@type":"ReadAction","target":["https:\/\/www.g4f-records.com\/de\/produkt\/event0-digitaler-original-soundtrack\/"]}]},{"@type":"ImageObject","inLanguage":"de","@id":"https:\/\/www.g4f-records.com\/de\/produkt\/event0-digitaler-original-soundtrack\/#primaryimage","url":"https:\/\/www.g4f-records.com\/wp-content\/uploads\/2017\/09\/ost_cover-1180x500.png","contentUrl":"https:\/\/www.g4f-records.com\/wp-content\/uploads\/2017\/09\/ost_cover-1180x500.png","width":3000,"height":3000,"caption":"Originalsoundtrack von Event[0]"},{"@type":"BreadcrumbList","@id":"https:\/\/www.g4f-records.com\/de\/produkt\/event0-digitaler-original-soundtrack\/#breadcrumb","itemListElement":[{"@type":"ListItem","position":1,"name":"Startseite","item":"https:\/\/www.g4f-records.com\/de\/"},{"@type":"ListItem","position":2,"name":"Event[0] &#8211; Digitaler Original-Soundtrack"}]},{"@type":"WebSite","@id":"https:\/\/www.g4f-records.com\/de\/#website","url":"https:\/\/www.g4f-records.com\/de\/","name":"G4F Records","description":"MUSIKLABEL F\u00dcR SOUNDTRACKS","potentialAction":[{"@type":"SearchAction","target":{"@type":"EntryPoint","urlTemplate":"https:\/\/www.g4f-records.com\/de\/?s={search_term_string}"},"query-input":{"@type":"PropertyValueSpecification","valueRequired":true,"valueName":"search_term_string"}}],"inLanguage":"de"}]}},"_links":{"self":[{"href":"https:\/\/www.g4f-records.com\/de\/wp-json\/wp\/v2\/product\/3477","targetHints":{"allow":["GET"]}}],"collection":[{"href":"https:\/\/www.g4f-records.com\/de\/wp-json\/wp\/v2\/product"}],"about":[{"href":"https:\/\/www.g4f-records.com\/de\/wp-json\/wp\/v2\/types\/product"}],"wp:featuredmedia":[{"embeddable":true,"href":"https:\/\/www.g4f-records.com\/de\/wp-json\/wp\/v2\/media\/3478"}],"wp:attachment":[{"href":"https:\/\/www.g4f-records.com\/de\/wp-json\/wp\/v2\/media?parent=3477"}],"wp:term":[{"taxonomy":"product_brand","embeddable":true,"href":"https:\/\/www.g4f-records.com\/de\/wp-json\/wp\/v2\/product_brand?post=3477"},{"taxonomy":"product_cat","embeddable":true,"href":"https:\/\/www.g4f-records.com\/de\/wp-json\/wp\/v2\/product_cat?post=3477"},{"taxonomy":"product_tag","embeddable":true,"href":"https:\/\/www.g4f-records.com\/de\/wp-json\/wp\/v2\/product_tag?post=3477"}],"curies":[{"name":"wp","href":"https:\/\/api.w.org\/{rel}","templated":true}]}}