{"id":3799,"date":"2022-06-21T10:15:35","date_gmt":"2022-06-21T09:15:35","guid":{"rendered":"https:\/\/www.g4f-records.com\/?post_type=product&#038;p=3799"},"modified":"2021-08-18T11:14:05","modified_gmt":"2021-08-18T10:14:05","slug":"endless-space-2-edition-vinyle-2","status":"publish","type":"product","link":"https:\/\/www.g4f-records.com\/de\/produkt\/endless-space-2-edition-vinyle-2\/","title":{"rendered":"Endless Space 2 &#8211; Vinylversion [Nicht vorr\u00e4tig]"},"content":{"rendered":"<p>Begeben Sie sich mit den faszinierenden Kompositionen von FlyByNo erneut auf eine \u00fcberweltliche Reise. Diese limitierte Doppelschallplatte umfasst 17 der beliebtesten St\u00fccke aus dem Originalsoundtrack. Die Sonderauflage besteht aus zwei transparent blauen Schallplatten in einer komplett schwarzen H\u00fclle mit pr\u00e4gnantem blauem Aufdruck. Das Design der Au\u00dfen- und Innenseite der H\u00fclle zeigt offizielles Artwork des Kreativteams von Amplitude Studios.<\/p>\n<style>.embed-container { position: relative; padding-bottom: 56.25%; height: 0; overflow: hidden; max-width: 100%; } .embed-container iframe, .embed-container object, .embed-container embed { position: absolute; top: 0; left: 0; width: 100%; height: 100%; }<\/style>\n<div class=\"embed-container\"><iframe loading=\"lazy\" src=\"https:\/\/www.youtube.com\/embed\/C0Dk37zrGFY\" width=\"300\" height=\"150\" frameborder=\"0\" allowfullscreen=\"allowfullscreen\"><\/iframe><\/div>\n","protected":false},"excerpt":{"rendered":"<p style=\"text-align: center;\"><strong>Endless Space 2 Doppelschallplatte \u2013 Transparent blau<\/strong><\/p>\n<p>More than 200 preorders were placed and the production can officially begin.<br \/>\nThe record is still pre-orderable. Shipping should start this autumn.<\/p>\n<p>Im Kaufpreis enthalten: direkter Download des digitalen Originalsoundtracks von \u201e<strong>Endless Space 2<\/strong>\u201c im Format Ihrer Wahl (<strong>MP3<\/strong>, <strong>WAV<\/strong>, <strong>FLAC\u00a0\u2026<\/strong>).<\/p>\n","protected":false},"featured_media":20004,"template":"","meta":{"_acf_changed":false},"product_brand":[],"product_cat":[385],"product_tag":[],"class_list":{"0":"post-3799","1":"product","2":"type-product","3":"status-publish","4":"has-post-thumbnail","6":"product_cat-schallplatten","7":"product_shipping_class-vinyle-de-2","9":"first","10":"outofstock","11":"downloadable","12":"taxable","13":"shipping-taxable","14":"purchasable","15":"product-type-simple"},"acf":[],"yoast_head":"<!-- This site is optimized with the Yoast SEO plugin v27.4 - https:\/\/yoast.com\/product\/yoast-seo-wordpress\/ -->\n<title>Endless Space 2 - Vinylversion [Nicht vorr\u00e4tig] - G4F Records<\/title>\n<meta name=\"description\" content=\"Double Vinyle Bleu Transparent Endless Space 2 - Pr\u00e9commandez le vinyle et participez au d\u00e9blocage des paliers pour obtenir de nombreux bonus !\" \/>\n<meta name=\"robots\" content=\"index, follow, max-snippet:-1, max-image-preview:large, max-video-preview:-1\" \/>\n<link rel=\"canonical\" href=\"https:\/\/www.g4f-records.com\/de\/produkt\/endless-space-2-edition-vinyle-2\/\" \/>\n<meta property=\"og:locale\" content=\"de_DE\" \/>\n<meta property=\"og:type\" content=\"article\" \/>\n<meta property=\"og:title\" content=\"Endless Space 2 - Vinylversion [Nicht vorr\u00e4tig] - G4F Records\" \/>\n<meta property=\"og:description\" content=\"Double Vinyle Bleu Transparent Endless Space 2 - Pr\u00e9commandez le vinyle et participez au d\u00e9blocage des paliers pour obtenir de nombreux bonus !\" \/>\n<meta property=\"og:url\" content=\"https:\/\/www.g4f-records.com\/de\/produkt\/endless-space-2-edition-vinyle-2\/\" \/>\n<meta property=\"og:site_name\" content=\"G4F Records\" \/>\n<meta property=\"article:publisher\" content=\"http:\/\/www.twitter.com\/G4F_Records\/\" \/>\n<meta property=\"og:image\" content=\"https:\/\/www.g4f-records.com\/wp-content\/uploads\/2022\/06\/Mock-up_StoreFront-5-600x500.png\" \/>\n\t<meta property=\"og:image:width\" content=\"600\" \/>\n\t<meta property=\"og:image:height\" content=\"600\" \/>\n\t<meta property=\"og:image:type\" content=\"image\/png\" \/>\n<meta name=\"twitter:card\" content=\"summary_large_image\" \/>\n<meta name=\"twitter:site\" content=\"@G4F_Records\" \/>\n<script type=\"application\/ld+json\" class=\"yoast-schema-graph\">{\"@context\":\"https:\\\/\\\/schema.org\",\"@graph\":[{\"@type\":\"WebPage\",\"@id\":\"https:\\\/\\\/www.g4f-records.com\\\/de\\\/produkt\\\/endless-space-2-edition-vinyle-2\\\/\",\"url\":\"https:\\\/\\\/www.g4f-records.com\\\/de\\\/produkt\\\/endless-space-2-edition-vinyle-2\\\/\",\"name\":\"Endless Space 2 - Vinylversion [Nicht vorr\u00e4tig] - G4F Records\",\"isPartOf\":{\"@id\":\"https:\\\/\\\/www.g4f-records.com\\\/de\\\/#website\"},\"primaryImageOfPage\":{\"@id\":\"https:\\\/\\\/www.g4f-records.com\\\/de\\\/produkt\\\/endless-space-2-edition-vinyle-2\\\/#primaryimage\"},\"image\":{\"@id\":\"https:\\\/\\\/www.g4f-records.com\\\/de\\\/produkt\\\/endless-space-2-edition-vinyle-2\\\/#primaryimage\"},\"thumbnailUrl\":\"https:\\\/\\\/www.g4f-records.com\\\/wp-content\\\/uploads\\\/2022\\\/06\\\/Mock-up_StoreFront-5-600x500.png\",\"datePublished\":\"2022-06-21T09:15:35+00:00\",\"description\":\"Double Vinyle Bleu Transparent Endless Space 2 - Pr\u00e9commandez le vinyle et participez au d\u00e9blocage des paliers pour obtenir de nombreux bonus !\",\"breadcrumb\":{\"@id\":\"https:\\\/\\\/www.g4f-records.com\\\/de\\\/produkt\\\/endless-space-2-edition-vinyle-2\\\/#breadcrumb\"},\"inLanguage\":\"de\",\"potentialAction\":[{\"@type\":\"ReadAction\",\"target\":[\"https:\\\/\\\/www.g4f-records.com\\\/de\\\/produkt\\\/endless-space-2-edition-vinyle-2\\\/\"]}]},{\"@type\":\"ImageObject\",\"inLanguage\":\"de\",\"@id\":\"https:\\\/\\\/www.g4f-records.com\\\/de\\\/produkt\\\/endless-space-2-edition-vinyle-2\\\/#primaryimage\",\"url\":\"https:\\\/\\\/www.g4f-records.com\\\/wp-content\\\/uploads\\\/2022\\\/06\\\/Mock-up_StoreFront-5-600x500.png\",\"contentUrl\":\"https:\\\/\\\/www.g4f-records.com\\\/wp-content\\\/uploads\\\/2022\\\/06\\\/Mock-up_StoreFront-5-600x500.png\",\"width\":600,\"height\":600,\"caption\":\"Endless Space 2 Vinyl Edition\"},{\"@type\":\"BreadcrumbList\",\"@id\":\"https:\\\/\\\/www.g4f-records.com\\\/de\\\/produkt\\\/endless-space-2-edition-vinyle-2\\\/#breadcrumb\",\"itemListElement\":[{\"@type\":\"ListItem\",\"position\":1,\"name\":\"Startseite\",\"item\":\"https:\\\/\\\/www.g4f-records.com\\\/de\\\/\"},{\"@type\":\"ListItem\",\"position\":2,\"name\":\"Endless Space 2 &#8211; Vinylversion [Nicht vorr\u00e4tig]\"}]},{\"@type\":\"WebSite\",\"@id\":\"https:\\\/\\\/www.g4f-records.com\\\/de\\\/#website\",\"url\":\"https:\\\/\\\/www.g4f-records.com\\\/de\\\/\",\"name\":\"G4F Records\",\"description\":\"MUSIKLABEL F\u00dcR SOUNDTRACKS\",\"potentialAction\":[{\"@type\":\"SearchAction\",\"target\":{\"@type\":\"EntryPoint\",\"urlTemplate\":\"https:\\\/\\\/www.g4f-records.com\\\/de\\\/?s={search_term_string}\"},\"query-input\":{\"@type\":\"PropertyValueSpecification\",\"valueRequired\":true,\"valueName\":\"search_term_string\"}}],\"inLanguage\":\"de\"}]}<\/script>\n<!-- \/ Yoast SEO plugin. -->","yoast_head_json":{"title":"Endless Space 2 - Vinylversion [Nicht vorr\u00e4tig] - G4F Records","description":"Double Vinyle Bleu Transparent Endless Space 2 - Pr\u00e9commandez le vinyle et participez au d\u00e9blocage des paliers pour obtenir de nombreux bonus !","robots":{"index":"index","follow":"follow","max-snippet":"max-snippet:-1","max-image-preview":"max-image-preview:large","max-video-preview":"max-video-preview:-1"},"canonical":"https:\/\/www.g4f-records.com\/de\/produkt\/endless-space-2-edition-vinyle-2\/","og_locale":"de_DE","og_type":"article","og_title":"Endless Space 2 - Vinylversion [Nicht vorr\u00e4tig] - G4F Records","og_description":"Double Vinyle Bleu Transparent Endless Space 2 - Pr\u00e9commandez le vinyle et participez au d\u00e9blocage des paliers pour obtenir de nombreux bonus !","og_url":"https:\/\/www.g4f-records.com\/de\/produkt\/endless-space-2-edition-vinyle-2\/","og_site_name":"G4F Records","article_publisher":"http:\/\/www.twitter.com\/G4F_Records\/","og_image":[{"width":600,"height":600,"url":"https:\/\/www.g4f-records.com\/wp-content\/uploads\/2022\/06\/Mock-up_StoreFront-5-600x500.png","type":"image\/png"}],"twitter_card":"summary_large_image","twitter_site":"@G4F_Records","schema":{"@context":"https:\/\/schema.org","@graph":[{"@type":"WebPage","@id":"https:\/\/www.g4f-records.com\/de\/produkt\/endless-space-2-edition-vinyle-2\/","url":"https:\/\/www.g4f-records.com\/de\/produkt\/endless-space-2-edition-vinyle-2\/","name":"Endless Space 2 - Vinylversion [Nicht vorr\u00e4tig] - G4F Records","isPartOf":{"@id":"https:\/\/www.g4f-records.com\/de\/#website"},"primaryImageOfPage":{"@id":"https:\/\/www.g4f-records.com\/de\/produkt\/endless-space-2-edition-vinyle-2\/#primaryimage"},"image":{"@id":"https:\/\/www.g4f-records.com\/de\/produkt\/endless-space-2-edition-vinyle-2\/#primaryimage"},"thumbnailUrl":"https:\/\/www.g4f-records.com\/wp-content\/uploads\/2022\/06\/Mock-up_StoreFront-5-600x500.png","datePublished":"2022-06-21T09:15:35+00:00","description":"Double Vinyle Bleu Transparent Endless Space 2 - Pr\u00e9commandez le vinyle et participez au d\u00e9blocage des paliers pour obtenir de nombreux bonus !","breadcrumb":{"@id":"https:\/\/www.g4f-records.com\/de\/produkt\/endless-space-2-edition-vinyle-2\/#breadcrumb"},"inLanguage":"de","potentialAction":[{"@type":"ReadAction","target":["https:\/\/www.g4f-records.com\/de\/produkt\/endless-space-2-edition-vinyle-2\/"]}]},{"@type":"ImageObject","inLanguage":"de","@id":"https:\/\/www.g4f-records.com\/de\/produkt\/endless-space-2-edition-vinyle-2\/#primaryimage","url":"https:\/\/www.g4f-records.com\/wp-content\/uploads\/2022\/06\/Mock-up_StoreFront-5-600x500.png","contentUrl":"https:\/\/www.g4f-records.com\/wp-content\/uploads\/2022\/06\/Mock-up_StoreFront-5-600x500.png","width":600,"height":600,"caption":"Endless Space 2 Vinyl Edition"},{"@type":"BreadcrumbList","@id":"https:\/\/www.g4f-records.com\/de\/produkt\/endless-space-2-edition-vinyle-2\/#breadcrumb","itemListElement":[{"@type":"ListItem","position":1,"name":"Startseite","item":"https:\/\/www.g4f-records.com\/de\/"},{"@type":"ListItem","position":2,"name":"Endless Space 2 &#8211; Vinylversion [Nicht vorr\u00e4tig]"}]},{"@type":"WebSite","@id":"https:\/\/www.g4f-records.com\/de\/#website","url":"https:\/\/www.g4f-records.com\/de\/","name":"G4F Records","description":"MUSIKLABEL F\u00dcR SOUNDTRACKS","potentialAction":[{"@type":"SearchAction","target":{"@type":"EntryPoint","urlTemplate":"https:\/\/www.g4f-records.com\/de\/?s={search_term_string}"},"query-input":{"@type":"PropertyValueSpecification","valueRequired":true,"valueName":"search_term_string"}}],"inLanguage":"de"}]}},"_links":{"self":[{"href":"https:\/\/www.g4f-records.com\/de\/wp-json\/wp\/v2\/product\/3799","targetHints":{"allow":["GET"]}}],"collection":[{"href":"https:\/\/www.g4f-records.com\/de\/wp-json\/wp\/v2\/product"}],"about":[{"href":"https:\/\/www.g4f-records.com\/de\/wp-json\/wp\/v2\/types\/product"}],"wp:featuredmedia":[{"embeddable":true,"href":"https:\/\/www.g4f-records.com\/de\/wp-json\/wp\/v2\/media\/20004"}],"wp:attachment":[{"href":"https:\/\/www.g4f-records.com\/de\/wp-json\/wp\/v2\/media?parent=3799"}],"wp:term":[{"taxonomy":"product_brand","embeddable":true,"href":"https:\/\/www.g4f-records.com\/de\/wp-json\/wp\/v2\/product_brand?post=3799"},{"taxonomy":"product_cat","embeddable":true,"href":"https:\/\/www.g4f-records.com\/de\/wp-json\/wp\/v2\/product_cat?post=3799"},{"taxonomy":"product_tag","embeddable":true,"href":"https:\/\/www.g4f-records.com\/de\/wp-json\/wp\/v2\/product_tag?post=3799"}],"curies":[{"name":"wp","href":"https:\/\/api.w.org\/{rel}","templated":true}]}}