{"id":923,"date":"2016-03-23T12:04:40","date_gmt":"2016-03-23T11:04:40","guid":{"rendered":"http:\/\/www.g4f-records.com\/en\/about-us\/"},"modified":"2016-03-23T12:04:40","modified_gmt":"2016-03-23T11:04:40","slug":"about-us","status":"publish","type":"page","link":"https:\/\/www.g4f-records.com\/en\/about-us\/","title":{"rendered":"About us"},"content":{"rendered":"<h2>A place where amazing things <strong>Get Done!<\/strong><\/h2>\n<p class=\"lead\">Lorem ipsum dolor sit amet, consectetur adipiscing elit. Ut feugiat urna arcu, vel molestie nunc commodo non. Nullam vestibulum odio vitae fermentum rutrum.<\/p>\n<p>Mauris lobortis nulla ut aliquet interdum. Donec commodo ac elit sed placerat. Mauris rhoncus est ac sodales gravida. In eros felis, elementum aliquam nisi vel, pellentesque faucibus nulla.<\/p>\n<p>&nbsp;<\/p>\n<p style=\"text-align: center;\">G4F Records est un label fran\u00e7ais d\u00e9di\u00e9 \u00e0 la musique \u00e0 l&#8217;image. Nous produisons des artistes et distribuons des bandes originales pour les jeux vid\u00e9o, les films et l&#8217;animation.<\/p>\n<p style=\"text-align: center;\"><strong>G4F Records puts you on the right track.<\/strong><\/p>\n","protected":false},"excerpt":{"rendered":"<p>A place where amazing things Get Done! Lorem ipsum dolor sit amet, consectetur adipiscing elit. Ut feugiat urna arcu, vel molestie nunc &#8230;<\/p>\n","protected":false},"author":3,"featured_media":0,"parent":0,"menu_order":0,"comment_status":"closed","ping_status":"closed","template":"templates\/contact.php","meta":{"_acf_changed":false,"footnotes":""},"class_list":["post-923","page","type-page","status-publish","hentry"],"acf":[],"yoast_head":"<!-- This site is optimized with the Yoast SEO plugin v27.3 - https:\/\/yoast.com\/product\/yoast-seo-wordpress\/ -->\n<title>About us - G4F Records<\/title>\n<meta name=\"robots\" content=\"index, follow, max-snippet:-1, max-image-preview:large, max-video-preview:-1\" \/>\n<link rel=\"canonical\" href=\"https:\/\/www.g4f-records.com\/en\/about-us\/\" \/>\n<meta property=\"og:locale\" content=\"en_US\" \/>\n<meta property=\"og:type\" content=\"article\" \/>\n<meta property=\"og:title\" content=\"About us - G4F Records\" \/>\n<meta property=\"og:description\" content=\"A place where amazing things Get Done! Lorem ipsum dolor sit amet, consectetur adipiscing elit. Ut feugiat urna arcu, vel molestie nunc ...\" \/>\n<meta property=\"og:url\" content=\"https:\/\/www.g4f-records.com\/en\/about-us\/\" \/>\n<meta property=\"og:site_name\" content=\"G4F Records\" \/>\n<meta property=\"article:publisher\" content=\"http:\/\/www.twitter.com\/G4F_Records\/\" \/>\n<meta name=\"twitter:card\" content=\"summary_large_image\" \/>\n<meta name=\"twitter:site\" content=\"@G4F_Records\" \/>\n<script type=\"application\/ld+json\" class=\"yoast-schema-graph\">{\"@context\":\"https:\\\/\\\/schema.org\",\"@graph\":[{\"@type\":\"WebPage\",\"@id\":\"https:\\\/\\\/www.g4f-records.com\\\/en\\\/about-us\\\/\",\"url\":\"https:\\\/\\\/www.g4f-records.com\\\/en\\\/about-us\\\/\",\"name\":\"About us - G4F Records\",\"isPartOf\":{\"@id\":\"https:\\\/\\\/www.g4f-records.com\\\/en\\\/#website\"},\"datePublished\":\"2016-03-23T11:04:40+00:00\",\"breadcrumb\":{\"@id\":\"https:\\\/\\\/www.g4f-records.com\\\/en\\\/about-us\\\/#breadcrumb\"},\"inLanguage\":\"en-US\",\"potentialAction\":[{\"@type\":\"ReadAction\",\"target\":[\"https:\\\/\\\/www.g4f-records.com\\\/en\\\/about-us\\\/\"]}]},{\"@type\":\"BreadcrumbList\",\"@id\":\"https:\\\/\\\/www.g4f-records.com\\\/en\\\/about-us\\\/#breadcrumb\",\"itemListElement\":[{\"@type\":\"ListItem\",\"position\":1,\"name\":\"Home\",\"item\":\"https:\\\/\\\/www.g4f-records.com\\\/en\\\/\"},{\"@type\":\"ListItem\",\"position\":2,\"name\":\"About us\"}]},{\"@type\":\"WebSite\",\"@id\":\"https:\\\/\\\/www.g4f-records.com\\\/en\\\/#website\",\"url\":\"https:\\\/\\\/www.g4f-records.com\\\/en\\\/\",\"name\":\"G4F Records\",\"description\":\"SOUNDTRACK MUSIC LABEL\",\"potentialAction\":[{\"@type\":\"SearchAction\",\"target\":{\"@type\":\"EntryPoint\",\"urlTemplate\":\"https:\\\/\\\/www.g4f-records.com\\\/en\\\/?s={search_term_string}\"},\"query-input\":{\"@type\":\"PropertyValueSpecification\",\"valueRequired\":true,\"valueName\":\"search_term_string\"}}],\"inLanguage\":\"en-US\"}]}<\/script>\n<!-- \/ Yoast SEO plugin. -->","yoast_head_json":{"title":"About us - G4F Records","robots":{"index":"index","follow":"follow","max-snippet":"max-snippet:-1","max-image-preview":"max-image-preview:large","max-video-preview":"max-video-preview:-1"},"canonical":"https:\/\/www.g4f-records.com\/en\/about-us\/","og_locale":"en_US","og_type":"article","og_title":"About us - G4F Records","og_description":"A place where amazing things Get Done! Lorem ipsum dolor sit amet, consectetur adipiscing elit. Ut feugiat urna arcu, vel molestie nunc ...","og_url":"https:\/\/www.g4f-records.com\/en\/about-us\/","og_site_name":"G4F Records","article_publisher":"http:\/\/www.twitter.com\/G4F_Records\/","twitter_card":"summary_large_image","twitter_site":"@G4F_Records","schema":{"@context":"https:\/\/schema.org","@graph":[{"@type":"WebPage","@id":"https:\/\/www.g4f-records.com\/en\/about-us\/","url":"https:\/\/www.g4f-records.com\/en\/about-us\/","name":"About us - G4F Records","isPartOf":{"@id":"https:\/\/www.g4f-records.com\/en\/#website"},"datePublished":"2016-03-23T11:04:40+00:00","breadcrumb":{"@id":"https:\/\/www.g4f-records.com\/en\/about-us\/#breadcrumb"},"inLanguage":"en-US","potentialAction":[{"@type":"ReadAction","target":["https:\/\/www.g4f-records.com\/en\/about-us\/"]}]},{"@type":"BreadcrumbList","@id":"https:\/\/www.g4f-records.com\/en\/about-us\/#breadcrumb","itemListElement":[{"@type":"ListItem","position":1,"name":"Home","item":"https:\/\/www.g4f-records.com\/en\/"},{"@type":"ListItem","position":2,"name":"About us"}]},{"@type":"WebSite","@id":"https:\/\/www.g4f-records.com\/en\/#website","url":"https:\/\/www.g4f-records.com\/en\/","name":"G4F Records","description":"SOUNDTRACK MUSIC LABEL","potentialAction":[{"@type":"SearchAction","target":{"@type":"EntryPoint","urlTemplate":"https:\/\/www.g4f-records.com\/en\/?s={search_term_string}"},"query-input":{"@type":"PropertyValueSpecification","valueRequired":true,"valueName":"search_term_string"}}],"inLanguage":"en-US"}]}},"_links":{"self":[{"href":"https:\/\/www.g4f-records.com\/en\/wp-json\/wp\/v2\/pages\/923","targetHints":{"allow":["GET"]}}],"collection":[{"href":"https:\/\/www.g4f-records.com\/en\/wp-json\/wp\/v2\/pages"}],"about":[{"href":"https:\/\/www.g4f-records.com\/en\/wp-json\/wp\/v2\/types\/page"}],"author":[{"embeddable":true,"href":"https:\/\/www.g4f-records.com\/en\/wp-json\/wp\/v2\/users\/3"}],"replies":[{"embeddable":true,"href":"https:\/\/www.g4f-records.com\/en\/wp-json\/wp\/v2\/comments?post=923"}],"version-history":[{"count":0,"href":"https:\/\/www.g4f-records.com\/en\/wp-json\/wp\/v2\/pages\/923\/revisions"}],"wp:attachment":[{"href":"https:\/\/www.g4f-records.com\/en\/wp-json\/wp\/v2\/media?parent=923"}],"curies":[{"name":"wp","href":"https:\/\/api.w.org\/{rel}","templated":true}]}}